{"id":894,"date":"2026-04-29T09:25:44","date_gmt":"2026-04-29T07:25:44","guid":{"rendered":"https:\/\/getsix-services.com\/?page_id=894"},"modified":"2026-04-29T10:06:59","modified_gmt":"2026-04-29T08:06:59","slug":"regulamin-uslugi-newsletter","status":"publish","type":"page","link":"https:\/\/getsix-services.com\/pl\/regulamin-uslugi-newsletter\/","title":{"rendered":"Regulamin us\u0142ugi getsix\u00ae Services Newsletter"},"content":{"rendered":"<h3 style=\"margin-top: 30px;\">Definicje<\/h3>\n<p>Okre\u015blenia u\u017cyte w niniejszym regulaminie oznaczaj\u0105:<\/p>\n<ol>\n<li><span class=\"bold\">us\u0142ugodawca lub getsix\u00ae Services<\/span>\u00a0\u2013 oznacza getsix\u00ae Services Sp. z o.o. z siedzib\u0105 ul. Zwyci\u0119ska 45, 53-033 Wroc\u0142aw<\/li>\n<li><span class=\"bold\">us\u0142ugobiorca<\/span>\u00a0\u2013 oznacza pe\u0142noletni\u0105 osob\u0119 fizyczn\u0105, osob\u0119 prawn\u0105 albo jednostk\u0119 organizacyjn\u0105 nieposiadaj\u0105c\u0105 osobowo\u015bci prawnej, kt\u00f3ra korzysta z us\u0142ugi getsix\u00ae Services Information Service \u015bwiadczonej drog\u0105 elektroniczn\u0105<\/li>\n<\/ol>\n<h3>1) Rodzaje i zakres us\u0142ug \u015bwiadczonych drog\u0105 elektroniczn\u0105<\/h3>\n<ol>\n<li>Us\u0142uga getsix\u00ae Services Information Service polega na przesy\u0142aniu poczt\u0105 elektroniczn\u0105 newsletter\u00f3w (biuletyn\u00f3w informacyjnych) przez getsix\u00ae Services (dalej te\u017c \u201eMy\u201d) us\u0142ugobiorcom, kt\u00f3rzy wyrazili uprzedni\u0105 zgod\u0119 na ich otrzymywanie.<\/li>\n<li>Us\u0142uga getsix\u00ae Services Information Service jest bezp\u0142atna.<\/li>\n<li>Ka\u017cdy newsletter i niniejszy regulamin stanowi utw\u00f3r w rozumieniu ustawy z dnia 4 lutego 1994 r. o prawie autorskim i prawach pokrewnych i nie jest utworem rozpowszechnionym w rozumieniu tej ustawy.<\/li>\n<\/ol>\n<ul>\n<li>Newslettery getsix\u00ae Services mog\u0105 zawiera\u0107 informacje nieb\u0119d\u0105ce informacj\u0105 handlow\u0105, przyk\u0142adowo mog\u0105 to by\u0107 bie\u017c\u0105ce informacje prawne, a tak\u017ce informacje handlowe tj. promuj\u0105ce us\u0142ugi lub wizerunek us\u0142ugodawcy.<\/li>\n<\/ul>\n<h3>2) Warunki \u015bwiadczenia us\u0142ug drog\u0105 elektroniczn\u0105, w tym:<\/h3>\n<p><span class=\"bold\">a) Wymagania techniczne niezb\u0119dne do wsp\u00f3\u0142pracy z systemem teleinformatycznym, kt\u00f3rym pos\u0142uguje si\u0119 us\u0142ugodawca<\/span><\/p>\n<ol>\n<li>W celu korzystania z us\u0142ugi getsix\u00ae Services Information Service niezb\u0119dne jest:\n<ul>\n<li>posiadanie urz\u0105dzenia ko\u0144cowego (np. komputer PC, laptop, tablet, telefon, smartfon, smart TV)<\/li>\n<li>dost\u0119p us\u0142ugobiorcy do sieci Internet<\/li>\n<li>posiadanie adresu e-mail (adresu elektronicznego)<\/li>\n<\/ul>\n<\/li>\n<\/ol>\n<p><span class=\"bold\">b) Zakaz dostarczania przez us\u0142ugobiorc\u0119 tre\u015bci o charakterze bezprawnym<\/span><\/p>\n<ol>\n<li>Wype\u0142niaj\u0105c ustawowy obowi\u0105zek getsix\u00ae Services, informuje, \u017ce podczas komunikacji z nami, w tym poprzez formularz rejestracyjny i poczt\u0119 elektroniczn\u0105, zakazane jest dostarczanie nam przez us\u0142ugobiorc\u0119, tre\u015bci o charakterze bezprawnym.<\/li>\n<\/ol>\n<h3>3) Warunki zawierania i rozwi\u0105zywania um\u00f3w o \u015bwiadczenie us\u0142ug drog\u0105 elektroniczn\u0105<\/h3>\n<ol>\n<li>Z us\u0142ugi getsix\u00ae Services Information Service Korzysta\u0107 mo\u017ce ka\u017cda osoba zainteresowana, kt\u00f3ra:\n<ul>\n<li>spe\u0142ni wymagania techniczne okre\u015blone w regulaminie<\/li>\n<li>poda sw\u00f3j adres e-mail, na kt\u00f3ry ma by\u0107 przesy\u0142any newsletter oraz<\/li>\n<li>wyrazi zgod\u0119 na otrzymywanie newsletter\u00f3w getsix\u00ae Services (zapisze si\u0119 na newsletter).<\/li>\n<\/ul>\n<\/li>\n<li>Na podany adres e-mail wy\u015blemy wiadomo\u015b\u0107 e-mail z linkiem aktywacyjnym, kt\u00f3rego klikni\u0119cie oznacza\u0107 b\u0119dzie zawarcie umowy o \u015bwiadczenie us\u0142ugi getsix\u00ae Services Information Service.<\/li>\n<li>Us\u0142uga getsix\u00ae Services Information Service skierowana jest do os\u00f3b pe\u0142noletnich. Tym samym Us\u0142ugobiorca mo\u017ce zawrze\u0107 z nami umow\u0119 gdy jest osob\u0105 pe\u0142noletni\u0105.<\/li>\n<li>Rozpocz\u0119cie \u015bwiadczenia us\u0142ugi getsix\u00ae Services Information Service nast\u0105pi nie p\u00f3\u017aniej ni\u017c w ci\u0105gu 90 dni liczonych od momentu potwierdzenia zapisu na newsletter.<\/li>\n<li>Umowa o \u015bwiadczenie us\u0142ugi getsix\u00ae Services Information Service zawarta zostaje na czas nieoznaczony.<\/li>\n<li>Umowa o \u015bwiadczenie z us\u0142ugi getsix\u00ae Services Information Service mo\u017ce by\u0107 wypowiedziana przez us\u0142ugobiorc\u0119 lub us\u0142ugodawc\u0119 w dowolnym momencie. Wypowiedzenie umowy ma skutek w ci\u0105gu 48 godzin liczonych od przyj\u0119cia wypowiedzenia.<\/li>\n<li>Us\u0142ugobiorca mo\u017ce wypowiedzie\u0107 umow\u0119 poprzez rezygnacj\u0119 z subskrypcji (w ka\u017cdym wysy\u0142anym newsletterze znajduje si\u0119 link do wypisania si\u0119 z newslettera lub kontaktuj\u0105c si\u0119 z nami pod adresem\u00a0<a class=\"link\" href=\"mailto:info-service@getsix.pl\">info-service@getsix.pl<\/a>).<\/li>\n<\/ol>\n<h3>4) Tryb post\u0119powania reklamacyjnego<\/h3>\n<ol>\n<li>Reklamacj\u0119 mo\u017cna z\u0142o\u017cy\u0107 w formie pisemnej poczt\u0105 elektroniczn\u0105 na adres\u00a0<a class=\"link\" href=\"mailto:info-service@getsix.pl\">info-service@getsix.pl<\/a>\u00a0listem poleconym lub osobi\u015bcie w siedzibie getsix.<\/li>\n<li>Zg\u0142oszenie reklamacyjne powinno zawiera\u0107:\n<ul>\n<li>a) Nazw\u0119\/Imi\u0119 i Nazwisko zg\u0142aszaj\u0105cego<\/li>\n<li>b) Dane kontaktowe zg\u0142aszaj\u0105cego<\/li>\n<li>c) Pow\u00f3d reklamacji<\/li>\n<li>d) Opis okoliczno\u015bci uzasadniaj\u0105cych z\u0142o\u017cenie reklamacji<\/li>\n<\/ul>\n<\/li>\n<li>Rozpatrzymy reklamacj\u0119 niezw\u0142ocznie ale nie p\u00f3\u017aniej ni\u017c w ci\u0105gu 14 dni licz\u0105c od momentu jej otrzymania. W uzasadnionych przypadkach czas rozpatrzenia reklamacji mo\u017ce ulec wyd\u0142u\u017ceniu do 30 dni, o czym zg\u0142aszaj\u0105cy zostanie poinformowany.<\/li>\n<\/ol>\n<h3>Postanowienia ko\u0144cowe<\/h3>\n<ul>\n<li>Przetwarzanie metadanych odbywa si\u0119 wg zasad opisanych w\u00a0<a class=\"link\" href=\"https:\/\/getsix-services.com\/pl\/polityka-prywatnosci\/\">Polityce prywatno\u015bci getsix\u00ae Services<\/a>.<\/li>\n<li>Przedstawiane w newsletterach getsix\u00ae Services informacje nie stanowi\u0105 doradztwa prawnego, podatkowego ani w zakresie zarz\u0105dzania, jak r\u00f3wnie\u017c nie zast\u0119puj\u0105 indywidualnego doradztwa. Przy opracowaniu tych publikacji getsix\u00ae Services do\u0142o\u017cy nale\u017cytej staranno\u015bci, jednak bez przej\u0119cia odpowiedzialno\u015bci za prawid\u0142owo\u015b\u0107, aktualno\u015b\u0107 i kompletno\u015b\u0107 prezentowanych informacji. Tre\u015bci w nich zawarte nie stanowi\u0105 samodzielnej podstawy do dzia\u0142ania i nie mog\u0105 zast\u0105pi\u0107 konkretnego doradztwa w indywidualnej sprawie. Odpowiedzialno\u015b\u0107 autor\u00f3w lub\u202fgetsix\u00ae Services jest wy\u0142\u0105czona.<\/li>\n<li>Przekazane informacje maj\u0105 charakter og\u00f3lny i nie mog\u0105 by\u0107 traktowane jako porada prawna &#8211; przed podj\u0119ciem lub zaniechaniem jakichkolwiek czynno\u015bci lub decyzji nale\u017cy zasi\u0119gn\u0105\u0107 porady prawnej.<\/li>\n<li>Wype\u0142niaj\u0105c ustawowy obowi\u0105zek getsix\u00ae Services, informuje o potencjalnych zagro\u017ceniach zwi\u0105zanych z korzystaniem z us\u0142ugi \u015bwiadczonej drog\u0105 elektroniczn\u0105, kt\u00f3re mog\u0105 wyst\u0105pi\u0107 pomimo stosowania przez getsix\u00ae Services \u015brodk\u00f3w zabezpieczaj\u0105cych, s\u0105 to w szczeg\u00f3lno\u015bci, ale nie wy\u0142\u0105cznie: z\u0142o\u015bliwe oprogramowanie, spam, w\u0142amania do systemu teleinformatycznego przez haker\u00f3w, mo\u017cliwo\u015b\u0107 bycia nara\u017conym na cracking lub phishing (wiadomo\u015bci z pro\u015bb\u0105 o ujawnienie has\u0142a, np. w celu \u201ezweryfikowania konta\u201d lub innego typu pr\u00f3ba nielegalnego pozyskania poufnych danych z wykorzystaniem poczty elektronicznej i\/lub strony internetowej, w kt\u00f3rej sprawca podszywa si\u0119 pod getsix\u00ae Services. Us\u0142ugobiorca mo\u017ce r\u00f3wnie\u017c minimalizowa\u0107 ryzyko zagro\u017ce\u0144 poprzez stosowanie \u015brodk\u00f3w technicznych adekwatnych do tego ryzyka w szczeg\u00f3lno\u015bci, ale nie wy\u0142\u0105cznie, poprzez: dokonywanie aktualizacji oprogramowania, w\u0142\u0105czon\u0105 zapor\u0119 sieciow\u0105, posiadanie program\u00f3w antywirusowych, regularne skanowanie komputera programem antywirusowym, korzystanie z legalnego oprogramowania posiadaj\u0105cego wsparcie producenta oprogramowania, czytanie okien instalacyjnych i ostro\u017cne zachowanie w sieci Internet,<\/li>\n<li>Niniejszy Regulamin obowi\u0105zuje od 30.10.2023 r.<\/li>\n<li>Prawem w\u0142a\u015bciwym dla umowy jest prawo Rzeczpospolitej Polskiej, a s\u0105dami, s\u0105dy powszechne w Rzeczpospolitej Polskiej, chyba \u017ce co innego wynika z bezwzgl\u0119dnie obowi\u0105zuj\u0105cych przepis\u00f3w prawa.<\/li>\n<\/ul>\n<p><em>\u00a9 Niniejszy dokument jest chroniony prawem autorskim. Autor jako tw\u00f3rca korzysta z wy\u0142\u0105cznych praw autorskich osobistych i maj\u0105tkowych i rozporz\u0105dza tymi prawami. Dokument stanowi \u201etajemnic\u0119 przedsi\u0119biorstwa\u201d autora w rozumieniu ustawy o zwalczaniu nieuczciwej konkurencji. Autor nie zezwala, bez jego uprzedniej zgody wyra\u017conej na pi\u015bmie, na jakiekolwiek udost\u0119pnianie, wykorzystanie, zwielokrotnianie, rozpowszechnianie czy odsprzeda\u017c niniejszego dokumentu lub jego fragment\u00f3w. Naruszenie powy\u017cszych warunk\u00f3w mo\u017ce skutkowa\u0107 odpowiedzialno\u015bci\u0105, w tym odpowiedzialno\u015bci\u0105 karn\u0105, okre\u015blon\u0105 w ustawie o zwalczaniu nieuczciwej konkurencji, ustawie kodeks karny i\/lub ustawie o prawach autorskich i prawach pokrewnych.<\/em><\/p>\n","protected":false},"excerpt":{"rendered":"<p>Definicje Okre\u015blenia u\u017cyte w niniejszym regulaminie oznaczaj\u0105: us\u0142ugodawca lub getsix\u00ae Services\u00a0\u2013 oznacza getsix\u00ae Services Sp. z o.o. z siedzib\u0105 ul. [&hellip;]<\/p>\n","protected":false},"author":2,"featured_media":0,"parent":0,"menu_order":0,"comment_status":"closed","ping_status":"closed","template":"","meta":{"site-sidebar-layout":"default","site-content-layout":"","ast-site-content-layout":"default","site-content-style":"default","site-sidebar-style":"default","ast-global-header-display":"","ast-banner-title-visibility":"","ast-main-header-display":"","ast-hfb-above-header-display":"","ast-hfb-below-header-display":"","ast-hfb-mobile-header-display":"","site-post-title":"","ast-breadcrumbs-content":"","ast-featured-img":"","footer-sml-layout":"","theme-transparent-header-meta":"default","adv-header-id-meta":"","stick-header-meta":"","header-above-stick-meta":"","header-main-stick-meta":"","header-below-stick-meta":"","astra-migrate-meta-layouts":"set","ast-page-background-enabled":"default","ast-page-background-meta":{"desktop":{"background-color":"var(--ast-global-color-4)","background-image":"","background-repeat":"repeat","background-position":"center center","background-size":"auto","background-attachment":"scroll","background-type":"","background-media":"","overlay-type":"","overlay-color":"","overlay-opacity":"","overlay-gradient":""},"tablet":{"background-color":"","background-image":"","background-repeat":"repeat","background-position":"center center","background-size":"auto","background-attachment":"scroll","background-type":"","background-media":"","overlay-type":"","overlay-color":"","overlay-opacity":"","overlay-gradient":""},"mobile":{"background-color":"","background-image":"","background-repeat":"repeat","background-position":"center center","background-size":"auto","background-attachment":"scroll","background-type":"","background-media":"","overlay-type":"","overlay-color":"","overlay-opacity":"","overlay-gradient":""}},"ast-content-background-meta":{"desktop":{"background-color":"var(--ast-global-color-5)","background-image":"","background-repeat":"repeat","background-position":"center center","background-size":"auto","background-attachment":"scroll","background-type":"","background-media":"","overlay-type":"","overlay-color":"","overlay-opacity":"","overlay-gradient":""},"tablet":{"background-color":"var(--ast-global-color-5)","background-image":"","background-repeat":"repeat","background-position":"center center","background-size":"auto","background-attachment":"scroll","background-type":"","background-media":"","overlay-type":"","overlay-color":"","overlay-opacity":"","overlay-gradient":""},"mobile":{"background-color":"var(--ast-global-color-5)","background-image":"","background-repeat":"repeat","background-position":"center center","background-size":"auto","background-attachment":"scroll","background-type":"","background-media":"","overlay-type":"","overlay-color":"","overlay-opacity":"","overlay-gradient":""}},"footnotes":""},"class_list":["post-894","page","type-page","status-publish","hentry"],"yoast_head":"<!-- This site is optimized with the Yoast SEO plugin v27.1.1 - https:\/\/yoast.com\/product\/yoast-seo-wordpress\/ -->\n<title>Regulamin us\u0142ugi getsix\u00ae Services Newsletter - getsix Services<\/title>\n<meta name=\"description\" content=\"Zach\u0119camy do zapoznania si\u0119 z naszym regulaminem us\u0142ugi getsix\u00ae Services Newsletter.\" \/>\n<meta name=\"robots\" content=\"index, follow, max-snippet:-1, max-image-preview:large, max-video-preview:-1\" \/>\n<link rel=\"canonical\" href=\"https:\/\/getsix-services.com\/pl\/regulamin-uslugi-newsletter\/\" \/>\n<meta property=\"og:locale\" content=\"pl_PL\" \/>\n<meta property=\"og:type\" content=\"article\" \/>\n<meta property=\"og:title\" content=\"Regulamin us\u0142ugi getsix\u00ae Services Newsletter - getsix Services\" \/>\n<meta property=\"og:description\" content=\"Zach\u0119camy do zapoznania si\u0119 z naszym regulaminem us\u0142ugi getsix\u00ae Services Newsletter.\" \/>\n<meta property=\"og:url\" content=\"https:\/\/getsix-services.com\/pl\/regulamin-uslugi-newsletter\/\" \/>\n<meta property=\"og:site_name\" content=\"getsix Services\" \/>\n<meta property=\"article:publisher\" content=\"https:\/\/www.facebook.com\/getsixservices\/\" \/>\n<meta property=\"article:modified_time\" content=\"2026-04-29T08:06:59+00:00\" \/>\n<meta name=\"twitter:card\" content=\"summary_large_image\" \/>\n<meta name=\"twitter:label1\" content=\"Szacowany czas czytania\" \/>\n\t<meta name=\"twitter:data1\" content=\"4 minuty\" \/>\n<script type=\"application\/ld+json\" class=\"yoast-schema-graph\">{\"@context\":\"https:\/\/schema.org\",\"@graph\":[{\"@type\":\"WebPage\",\"@id\":\"https:\/\/getsix-services.com\/pl\/regulamin-uslugi-newsletter\/\",\"url\":\"https:\/\/getsix-services.com\/pl\/regulamin-uslugi-newsletter\/\",\"name\":\"Regulamin us\u0142ugi getsix\u00ae Services Newsletter - getsix Services\",\"isPartOf\":{\"@id\":\"https:\/\/getsix-services.com\/#website\"},\"datePublished\":\"2026-04-29T07:25:44+00:00\",\"dateModified\":\"2026-04-29T08:06:59+00:00\",\"description\":\"Zach\u0119camy do zapoznania si\u0119 z naszym regulaminem us\u0142ugi getsix\u00ae Services Newsletter.\",\"breadcrumb\":{\"@id\":\"https:\/\/getsix-services.com\/pl\/regulamin-uslugi-newsletter\/#breadcrumb\"},\"inLanguage\":\"pl-PL\",\"potentialAction\":[{\"@type\":\"ReadAction\",\"target\":[\"https:\/\/getsix-services.com\/pl\/regulamin-uslugi-newsletter\/\"]}]},{\"@type\":\"BreadcrumbList\",\"@id\":\"https:\/\/getsix-services.com\/pl\/regulamin-uslugi-newsletter\/#breadcrumb\",\"itemListElement\":[{\"@type\":\"ListItem\",\"position\":1,\"name\":\"Home\",\"item\":\"https:\/\/getsix-services.com\/pl\/\"},{\"@type\":\"ListItem\",\"position\":2,\"name\":\"Regulamin us\u0142ugi getsix\u00ae Services Newsletter\"}]},{\"@type\":\"WebSite\",\"@id\":\"https:\/\/getsix-services.com\/#website\",\"url\":\"https:\/\/getsix-services.com\/\",\"name\":\"getsix\u00ae Services\",\"description\":\"\",\"publisher\":{\"@id\":\"https:\/\/getsix-services.com\/#organization\"},\"potentialAction\":[{\"@type\":\"SearchAction\",\"target\":{\"@type\":\"EntryPoint\",\"urlTemplate\":\"https:\/\/getsix-services.com\/?s={search_term_string}\"},\"query-input\":{\"@type\":\"PropertyValueSpecification\",\"valueRequired\":true,\"valueName\":\"search_term_string\"}}],\"inLanguage\":\"pl-PL\"},{\"@type\":\"Organization\",\"@id\":\"https:\/\/getsix-services.com\/#organization\",\"name\":\"getsix\u00ae Services\",\"url\":\"https:\/\/getsix-services.com\/\",\"logo\":{\"@type\":\"ImageObject\",\"inLanguage\":\"pl-PL\",\"@id\":\"https:\/\/getsix-services.com\/#\/schema\/logo\/image\/\",\"url\":\"https:\/\/getsix-services.com\/wp-content\/uploads\/2024\/11\/getsix-services-og-image.png\",\"contentUrl\":\"https:\/\/getsix-services.com\/wp-content\/uploads\/2024\/11\/getsix-services-og-image.png\",\"width\":1200,\"height\":599,\"caption\":\"getsix\u00ae Services\"},\"image\":{\"@id\":\"https:\/\/getsix-services.com\/#\/schema\/logo\/image\/\"},\"sameAs\":[\"https:\/\/www.facebook.com\/getsixservices\/\",\"https:\/\/pl.linkedin.com\/company\/getsix-services\"]}]}<\/script>\n<!-- \/ Yoast SEO plugin. -->","yoast_head_json":{"title":"Regulamin us\u0142ugi getsix\u00ae Services Newsletter - getsix Services","description":"Zach\u0119camy do zapoznania si\u0119 z naszym regulaminem us\u0142ugi getsix\u00ae Services Newsletter.","robots":{"index":"index","follow":"follow","max-snippet":"max-snippet:-1","max-image-preview":"max-image-preview:large","max-video-preview":"max-video-preview:-1"},"canonical":"https:\/\/getsix-services.com\/pl\/regulamin-uslugi-newsletter\/","og_locale":"pl_PL","og_type":"article","og_title":"Regulamin us\u0142ugi getsix\u00ae Services Newsletter - getsix Services","og_description":"Zach\u0119camy do zapoznania si\u0119 z naszym regulaminem us\u0142ugi getsix\u00ae Services Newsletter.","og_url":"https:\/\/getsix-services.com\/pl\/regulamin-uslugi-newsletter\/","og_site_name":"getsix Services","article_publisher":"https:\/\/www.facebook.com\/getsixservices\/","article_modified_time":"2026-04-29T08:06:59+00:00","twitter_card":"summary_large_image","twitter_misc":{"Szacowany czas czytania":"4 minuty"},"schema":{"@context":"https:\/\/schema.org","@graph":[{"@type":"WebPage","@id":"https:\/\/getsix-services.com\/pl\/regulamin-uslugi-newsletter\/","url":"https:\/\/getsix-services.com\/pl\/regulamin-uslugi-newsletter\/","name":"Regulamin us\u0142ugi getsix\u00ae Services Newsletter - getsix Services","isPartOf":{"@id":"https:\/\/getsix-services.com\/#website"},"datePublished":"2026-04-29T07:25:44+00:00","dateModified":"2026-04-29T08:06:59+00:00","description":"Zach\u0119camy do zapoznania si\u0119 z naszym regulaminem us\u0142ugi getsix\u00ae Services Newsletter.","breadcrumb":{"@id":"https:\/\/getsix-services.com\/pl\/regulamin-uslugi-newsletter\/#breadcrumb"},"inLanguage":"pl-PL","potentialAction":[{"@type":"ReadAction","target":["https:\/\/getsix-services.com\/pl\/regulamin-uslugi-newsletter\/"]}]},{"@type":"BreadcrumbList","@id":"https:\/\/getsix-services.com\/pl\/regulamin-uslugi-newsletter\/#breadcrumb","itemListElement":[{"@type":"ListItem","position":1,"name":"Home","item":"https:\/\/getsix-services.com\/pl\/"},{"@type":"ListItem","position":2,"name":"Regulamin us\u0142ugi getsix\u00ae Services Newsletter"}]},{"@type":"WebSite","@id":"https:\/\/getsix-services.com\/#website","url":"https:\/\/getsix-services.com\/","name":"getsix\u00ae Services","description":"","publisher":{"@id":"https:\/\/getsix-services.com\/#organization"},"potentialAction":[{"@type":"SearchAction","target":{"@type":"EntryPoint","urlTemplate":"https:\/\/getsix-services.com\/?s={search_term_string}"},"query-input":{"@type":"PropertyValueSpecification","valueRequired":true,"valueName":"search_term_string"}}],"inLanguage":"pl-PL"},{"@type":"Organization","@id":"https:\/\/getsix-services.com\/#organization","name":"getsix\u00ae Services","url":"https:\/\/getsix-services.com\/","logo":{"@type":"ImageObject","inLanguage":"pl-PL","@id":"https:\/\/getsix-services.com\/#\/schema\/logo\/image\/","url":"https:\/\/getsix-services.com\/wp-content\/uploads\/2024\/11\/getsix-services-og-image.png","contentUrl":"https:\/\/getsix-services.com\/wp-content\/uploads\/2024\/11\/getsix-services-og-image.png","width":1200,"height":599,"caption":"getsix\u00ae Services"},"image":{"@id":"https:\/\/getsix-services.com\/#\/schema\/logo\/image\/"},"sameAs":["https:\/\/www.facebook.com\/getsixservices\/","https:\/\/pl.linkedin.com\/company\/getsix-services"]}]}},"_links":{"self":[{"href":"https:\/\/getsix-services.com\/pl\/wp-json\/wp\/v2\/pages\/894","targetHints":{"allow":["GET"]}}],"collection":[{"href":"https:\/\/getsix-services.com\/pl\/wp-json\/wp\/v2\/pages"}],"about":[{"href":"https:\/\/getsix-services.com\/pl\/wp-json\/wp\/v2\/types\/page"}],"author":[{"embeddable":true,"href":"https:\/\/getsix-services.com\/pl\/wp-json\/wp\/v2\/users\/2"}],"replies":[{"embeddable":true,"href":"https:\/\/getsix-services.com\/pl\/wp-json\/wp\/v2\/comments?post=894"}],"version-history":[{"count":3,"href":"https:\/\/getsix-services.com\/pl\/wp-json\/wp\/v2\/pages\/894\/revisions"}],"predecessor-version":[{"id":897,"href":"https:\/\/getsix-services.com\/pl\/wp-json\/wp\/v2\/pages\/894\/revisions\/897"}],"wp:attachment":[{"href":"https:\/\/getsix-services.com\/pl\/wp-json\/wp\/v2\/media?parent=894"}],"curies":[{"name":"wp","href":"https:\/\/api.w.org\/{rel}","templated":true}]}}