{"id":357,"date":"2024-12-10T13:02:49","date_gmt":"2024-12-10T12:02:49","guid":{"rendered":"https:\/\/getsix-services.com\/?page_id=357"},"modified":"2025-02-05T15:52:11","modified_gmt":"2025-02-05T14:52:11","slug":"kancelarie-prawne","status":"publish","type":"page","link":"https:\/\/getsix-services.com\/pl\/branze\/kancelarie-prawne\/","title":{"rendered":"Kancelarie prawne"},"content":{"rendered":"","protected":false},"excerpt":{"rendered":"","protected":false},"author":2,"featured_media":0,"parent":365,"menu_order":0,"comment_status":"closed","ping_status":"closed","template":"subpages\/branze-kancelarie-prawne.php","meta":{"site-sidebar-layout":"default","site-content-layout":"","ast-site-content-layout":"default","site-content-style":"default","site-sidebar-style":"default","ast-global-header-display":"","ast-banner-title-visibility":"","ast-main-header-display":"","ast-hfb-above-header-display":"","ast-hfb-below-header-display":"","ast-hfb-mobile-header-display":"","site-post-title":"","ast-breadcrumbs-content":"","ast-featured-img":"","footer-sml-layout":"","theme-transparent-header-meta":"default","adv-header-id-meta":"","stick-header-meta":"","header-above-stick-meta":"","header-main-stick-meta":"","header-below-stick-meta":"","astra-migrate-meta-layouts":"set","ast-page-background-enabled":"default","ast-page-background-meta":{"desktop":{"background-color":"var(--ast-global-color-4)","background-image":"","background-repeat":"repeat","background-position":"center center","background-size":"auto","background-attachment":"scroll","background-type":"","background-media":"","overlay-type":"","overlay-color":"","overlay-opacity":"","overlay-gradient":""},"tablet":{"background-color":"","background-image":"","background-repeat":"repeat","background-position":"center center","background-size":"auto","background-attachment":"scroll","background-type":"","background-media":"","overlay-type":"","overlay-color":"","overlay-opacity":"","overlay-gradient":""},"mobile":{"background-color":"","background-image":"","background-repeat":"repeat","background-position":"center center","background-size":"auto","background-attachment":"scroll","background-type":"","background-media":"","overlay-type":"","overlay-color":"","overlay-opacity":"","overlay-gradient":""}},"ast-content-background-meta":{"desktop":{"background-color":"var(--ast-global-color-5)","background-image":"","background-repeat":"repeat","background-position":"center center","background-size":"auto","background-attachment":"scroll","background-type":"","background-media":"","overlay-type":"","overlay-color":"","overlay-opacity":"","overlay-gradient":""},"tablet":{"background-color":"var(--ast-global-color-5)","background-image":"","background-repeat":"repeat","background-position":"center center","background-size":"auto","background-attachment":"scroll","background-type":"","background-media":"","overlay-type":"","overlay-color":"","overlay-opacity":"","overlay-gradient":""},"mobile":{"background-color":"var(--ast-global-color-5)","background-image":"","background-repeat":"repeat","background-position":"center center","background-size":"auto","background-attachment":"scroll","background-type":"","background-media":"","overlay-type":"","overlay-color":"","overlay-opacity":"","overlay-gradient":""}},"footnotes":""},"class_list":["post-357","page","type-page","status-publish","hentry"],"yoast_head":"<!-- This site is optimized with the Yoast SEO plugin v27.1.1 - https:\/\/yoast.com\/product\/yoast-seo-wordpress\/ -->\n<title>Kancelarie prawne - getsix Services<\/title>\n<meta name=\"description\" content=\"Zarz\u0105dzanie kancelari\u0105 prawn\u0105 wymaga szybkiego dost\u0119pu do kluczowych informacji finansowych, operacyjnych i zarz\u0105dczych...\" \/>\n<meta name=\"robots\" content=\"index, follow, max-snippet:-1, max-image-preview:large, max-video-preview:-1\" \/>\n<link rel=\"canonical\" href=\"https:\/\/getsix-services.com\/pl\/branze\/kancelarie-prawne\/\" \/>\n<meta property=\"og:locale\" content=\"pl_PL\" \/>\n<meta property=\"og:type\" content=\"article\" \/>\n<meta property=\"og:title\" content=\"Kancelarie prawne - getsix Services\" \/>\n<meta property=\"og:description\" content=\"Zarz\u0105dzanie kancelari\u0105 prawn\u0105 wymaga szybkiego dost\u0119pu do kluczowych informacji finansowych, operacyjnych i zarz\u0105dczych...\" \/>\n<meta property=\"og:url\" content=\"https:\/\/getsix-services.com\/pl\/branze\/kancelarie-prawne\/\" \/>\n<meta property=\"og:site_name\" content=\"getsix Services\" \/>\n<meta property=\"article:publisher\" content=\"https:\/\/www.facebook.com\/getsixservices\/\" \/>\n<meta property=\"article:modified_time\" content=\"2025-02-05T14:52:11+00:00\" \/>\n<meta name=\"twitter:card\" content=\"summary_large_image\" \/>\n<script type=\"application\/ld+json\" class=\"yoast-schema-graph\">{\"@context\":\"https:\/\/schema.org\",\"@graph\":[{\"@type\":\"WebPage\",\"@id\":\"https:\/\/getsix-services.com\/pl\/branze\/kancelarie-prawne\/\",\"url\":\"https:\/\/getsix-services.com\/pl\/branze\/kancelarie-prawne\/\",\"name\":\"Kancelarie prawne - getsix Services\",\"isPartOf\":{\"@id\":\"https:\/\/getsix-services.com\/#website\"},\"datePublished\":\"2024-12-10T12:02:49+00:00\",\"dateModified\":\"2025-02-05T14:52:11+00:00\",\"description\":\"Zarz\u0105dzanie kancelari\u0105 prawn\u0105 wymaga szybkiego dost\u0119pu do kluczowych informacji finansowych, operacyjnych i zarz\u0105dczych...\",\"breadcrumb\":{\"@id\":\"https:\/\/getsix-services.com\/pl\/branze\/kancelarie-prawne\/#breadcrumb\"},\"inLanguage\":\"pl-PL\",\"potentialAction\":[{\"@type\":\"ReadAction\",\"target\":[\"https:\/\/getsix-services.com\/pl\/branze\/kancelarie-prawne\/\"]}]},{\"@type\":\"BreadcrumbList\",\"@id\":\"https:\/\/getsix-services.com\/pl\/branze\/kancelarie-prawne\/#breadcrumb\",\"itemListElement\":[{\"@type\":\"ListItem\",\"position\":1,\"name\":\"Home\",\"item\":\"https:\/\/getsix-services.com\/pl\/\"},{\"@type\":\"ListItem\",\"position\":2,\"name\":\"Bran\u017ce\",\"item\":\"https:\/\/getsix-services.com\/pl\/?page_id=365\"},{\"@type\":\"ListItem\",\"position\":3,\"name\":\"Kancelarie prawne\"}]},{\"@type\":\"WebSite\",\"@id\":\"https:\/\/getsix-services.com\/#website\",\"url\":\"https:\/\/getsix-services.com\/\",\"name\":\"getsix\u00ae Services\",\"description\":\"\",\"publisher\":{\"@id\":\"https:\/\/getsix-services.com\/#organization\"},\"potentialAction\":[{\"@type\":\"SearchAction\",\"target\":{\"@type\":\"EntryPoint\",\"urlTemplate\":\"https:\/\/getsix-services.com\/?s={search_term_string}\"},\"query-input\":{\"@type\":\"PropertyValueSpecification\",\"valueRequired\":true,\"valueName\":\"search_term_string\"}}],\"inLanguage\":\"pl-PL\"},{\"@type\":\"Organization\",\"@id\":\"https:\/\/getsix-services.com\/#organization\",\"name\":\"getsix\u00ae Services\",\"url\":\"https:\/\/getsix-services.com\/\",\"logo\":{\"@type\":\"ImageObject\",\"inLanguage\":\"pl-PL\",\"@id\":\"https:\/\/getsix-services.com\/#\/schema\/logo\/image\/\",\"url\":\"https:\/\/getsix-services.com\/wp-content\/uploads\/2024\/11\/getsix-services-og-image.png\",\"contentUrl\":\"https:\/\/getsix-services.com\/wp-content\/uploads\/2024\/11\/getsix-services-og-image.png\",\"width\":1200,\"height\":599,\"caption\":\"getsix\u00ae Services\"},\"image\":{\"@id\":\"https:\/\/getsix-services.com\/#\/schema\/logo\/image\/\"},\"sameAs\":[\"https:\/\/www.facebook.com\/getsixservices\/\",\"https:\/\/pl.linkedin.com\/company\/getsix-services\"]}]}<\/script>\n<!-- \/ Yoast SEO plugin. -->","yoast_head_json":{"title":"Kancelarie prawne - getsix Services","description":"Zarz\u0105dzanie kancelari\u0105 prawn\u0105 wymaga szybkiego dost\u0119pu do kluczowych informacji finansowych, operacyjnych i zarz\u0105dczych...","robots":{"index":"index","follow":"follow","max-snippet":"max-snippet:-1","max-image-preview":"max-image-preview:large","max-video-preview":"max-video-preview:-1"},"canonical":"https:\/\/getsix-services.com\/pl\/branze\/kancelarie-prawne\/","og_locale":"pl_PL","og_type":"article","og_title":"Kancelarie prawne - getsix Services","og_description":"Zarz\u0105dzanie kancelari\u0105 prawn\u0105 wymaga szybkiego dost\u0119pu do kluczowych informacji finansowych, operacyjnych i zarz\u0105dczych...","og_url":"https:\/\/getsix-services.com\/pl\/branze\/kancelarie-prawne\/","og_site_name":"getsix Services","article_publisher":"https:\/\/www.facebook.com\/getsixservices\/","article_modified_time":"2025-02-05T14:52:11+00:00","twitter_card":"summary_large_image","schema":{"@context":"https:\/\/schema.org","@graph":[{"@type":"WebPage","@id":"https:\/\/getsix-services.com\/pl\/branze\/kancelarie-prawne\/","url":"https:\/\/getsix-services.com\/pl\/branze\/kancelarie-prawne\/","name":"Kancelarie prawne - getsix Services","isPartOf":{"@id":"https:\/\/getsix-services.com\/#website"},"datePublished":"2024-12-10T12:02:49+00:00","dateModified":"2025-02-05T14:52:11+00:00","description":"Zarz\u0105dzanie kancelari\u0105 prawn\u0105 wymaga szybkiego dost\u0119pu do kluczowych informacji finansowych, operacyjnych i zarz\u0105dczych...","breadcrumb":{"@id":"https:\/\/getsix-services.com\/pl\/branze\/kancelarie-prawne\/#breadcrumb"},"inLanguage":"pl-PL","potentialAction":[{"@type":"ReadAction","target":["https:\/\/getsix-services.com\/pl\/branze\/kancelarie-prawne\/"]}]},{"@type":"BreadcrumbList","@id":"https:\/\/getsix-services.com\/pl\/branze\/kancelarie-prawne\/#breadcrumb","itemListElement":[{"@type":"ListItem","position":1,"name":"Home","item":"https:\/\/getsix-services.com\/pl\/"},{"@type":"ListItem","position":2,"name":"Bran\u017ce","item":"https:\/\/getsix-services.com\/pl\/?page_id=365"},{"@type":"ListItem","position":3,"name":"Kancelarie prawne"}]},{"@type":"WebSite","@id":"https:\/\/getsix-services.com\/#website","url":"https:\/\/getsix-services.com\/","name":"getsix\u00ae Services","description":"","publisher":{"@id":"https:\/\/getsix-services.com\/#organization"},"potentialAction":[{"@type":"SearchAction","target":{"@type":"EntryPoint","urlTemplate":"https:\/\/getsix-services.com\/?s={search_term_string}"},"query-input":{"@type":"PropertyValueSpecification","valueRequired":true,"valueName":"search_term_string"}}],"inLanguage":"pl-PL"},{"@type":"Organization","@id":"https:\/\/getsix-services.com\/#organization","name":"getsix\u00ae Services","url":"https:\/\/getsix-services.com\/","logo":{"@type":"ImageObject","inLanguage":"pl-PL","@id":"https:\/\/getsix-services.com\/#\/schema\/logo\/image\/","url":"https:\/\/getsix-services.com\/wp-content\/uploads\/2024\/11\/getsix-services-og-image.png","contentUrl":"https:\/\/getsix-services.com\/wp-content\/uploads\/2024\/11\/getsix-services-og-image.png","width":1200,"height":599,"caption":"getsix\u00ae Services"},"image":{"@id":"https:\/\/getsix-services.com\/#\/schema\/logo\/image\/"},"sameAs":["https:\/\/www.facebook.com\/getsixservices\/","https:\/\/pl.linkedin.com\/company\/getsix-services"]}]}},"_links":{"self":[{"href":"https:\/\/getsix-services.com\/pl\/wp-json\/wp\/v2\/pages\/357","targetHints":{"allow":["GET"]}}],"collection":[{"href":"https:\/\/getsix-services.com\/pl\/wp-json\/wp\/v2\/pages"}],"about":[{"href":"https:\/\/getsix-services.com\/pl\/wp-json\/wp\/v2\/types\/page"}],"author":[{"embeddable":true,"href":"https:\/\/getsix-services.com\/pl\/wp-json\/wp\/v2\/users\/2"}],"replies":[{"embeddable":true,"href":"https:\/\/getsix-services.com\/pl\/wp-json\/wp\/v2\/comments?post=357"}],"version-history":[{"count":2,"href":"https:\/\/getsix-services.com\/pl\/wp-json\/wp\/v2\/pages\/357\/revisions"}],"predecessor-version":[{"id":368,"href":"https:\/\/getsix-services.com\/pl\/wp-json\/wp\/v2\/pages\/357\/revisions\/368"}],"up":[{"embeddable":true,"href":"https:\/\/getsix-services.com\/pl\/wp-json\/wp\/v2\/pages\/365"}],"wp:attachment":[{"href":"https:\/\/getsix-services.com\/pl\/wp-json\/wp\/v2\/media?parent=357"}],"curies":[{"name":"wp","href":"https:\/\/api.w.org\/{rel}","templated":true}]}}